{"id":2576,"date":"2024-04-15T17:21:40","date_gmt":"2024-04-15T17:21:40","guid":{"rendered":"http:\/\/montoya.clapat-themes.com\/?page_id=2576"},"modified":"2025-10-30T13:13:42","modified_gmt":"2025-10-30T12:13:42","slug":"multimedia","status":"publish","type":"page","link":"https:\/\/puls.art\/?page_id=2576","title":{"rendered":"Qui-suis-je"},"content":{"rendered":"\t\t<div data-elementor-type=\"wp-page\" data-elementor-id=\"2576\" class=\"elementor elementor-2576\" data-elementor-post-type=\"page\">\n\t\t\t\t<div class=\"content-row-elementor elementor-element elementor-element-b514e2b e-grid dark-section inherit-header-color full_elementor row_padding_left_elementor row_padding_right_elementor e-con-boxed e-con e-parent\" data-id=\"b514e2b\" data-element_type=\"container\" data-e-type=\"container\">\n\t\t\t\t\t<div class=\"e-con-inner\">\n\t\t\t\t<div class=\"elementor-element elementor-element-ddcc248 elementor-widget elementor-widget-image\" data-id=\"ddcc248\" data-element_type=\"widget\" data-e-type=\"widget\" data-widget_type=\"image.default\">\n\t\t\t\t<div class=\"elementor-widget-container\">\n\t\t\t\t\t\t\t\t\t\t\t\t\t\t\t<img fetchpriority=\"high\" decoding=\"async\" width=\"755\" height=\"1024\" src=\"https:\/\/puls.art\/wp-content\/uploads\/2025\/10\/Mimi39b-755x1024.png\" class=\"attachment-large size-large wp-image-4195\" alt=\"\" srcset=\"https:\/\/puls.art\/wp-content\/uploads\/2025\/10\/Mimi39b-755x1024.png 755w, https:\/\/puls.art\/wp-content\/uploads\/2025\/10\/Mimi39b-221x300.png 221w, https:\/\/puls.art\/wp-content\/uploads\/2025\/10\/Mimi39b.png 768w\" sizes=\"(max-width: 755px) 100vw, 755px\" \/>\t\t\t\t\t\t\t\t\t\t\t\t\t\t\t<\/div>\n\t\t\t\t<\/div>\n\t\t\t\t<div class=\"elementor-element elementor-element-b039dd6 elementor-widget elementor-widget-heading\" data-id=\"b039dd6\" data-element_type=\"widget\" data-e-type=\"widget\" data-widget_type=\"heading.default\">\n\t\t\t\t<div class=\"elementor-widget-container\">\n\t\t\t\t\t<h4 class=\"elementor-heading-title elementor-size-default\">Bienvenue chez Puls.\nIci, on m\u00e9lange street-art, clin d\u2019\u0153il luxe et grains de folie visuelle.\nMoi, c\u2019est Mireille, une cr\u00e9atrice d\u2019\u00e9motions qui adore bousculer les codes. Chaque \u0153uvre est pens\u00e9e pour te faire vibrer : un moment, une \u00e9nergie, une histoire. Pas juste un tableau\u2026 une exp\u00e9rience.\n\n\nComment je cr\u00e9e ?\nDeux chemins possibles :\n\u2022 L\u2019inspiration pure : Je laisse parler mon imagination et je compose des pi\u00e8ces libres, audacieuses, instinctives.\n\u2022 Le sur-mesure :\u00a0 Tu m\u2019embarques dans ton univers, je prends tes passions, ton mood, tes envies\u2026 et j\u2019en fais une \u0153uvre qui te ressemble vraiment.\nChaque projet est r\u00e9alis\u00e9 avec soin, avec une obsession du d\u00e9tail et du beau. Les tarifs se font sur devis, selon ton projet.\n\nMon histoire en bref.\nAvant Puls, je vivais dans le monde de la com' :\u00a0 graphisme, branding, digital\u2026 bref, tout ce qu\u2019il faut pour fa\u00e7onner des univers.\nEn 2016, je cr\u00e9e Atelier Vingt-Quatre, puis en 2019, l\u2019aventure se poursuit avec la co-cr\u00e9ation de Ateepic.\nAujourd\u2019hui, toute cette exp\u00e9rience me sert \u00e0 r\u00e9inventer l\u2019art \u00e0 ma mani\u00e8re : personnel, vibrant, moderne.\n\nRejoins l\u2019aventure.\nJe cr\u00e9e en Auvergne, pour des particuliers comme pour des pros, partout o\u00f9 l\u2019envie de beau et d\u2019audace appelle.\nChaque \u0153uvre est une rencontre \u2014\nune parenth\u00e8se suspendue, un frisson\u2026 un c\u0153ur qui bat au rythme de Puls.<\/h4>\t\t\t\t<\/div>\n\t\t\t\t<\/div>\n\t\t\t\t\t<\/div>\n\t\t\t\t<\/div>\n\t\t<div class=\"content-row-elementor elementor-element elementor-element-7b3d0e2 dark-section inherit-header-color full_elementor row_padding_left_elementor row_padding_right_elementor e-flex e-con-boxed e-con e-parent\" data-id=\"7b3d0e2\" data-element_type=\"container\" data-e-type=\"container\">\n\t\t\t\t\t<div class=\"e-con-inner\">\n\t\t\t\t<div class=\"elementor-element elementor-element-ebc16db elementor-widget-divider--view-line elementor-widget elementor-widget-divider\" data-id=\"ebc16db\" data-element_type=\"widget\" data-e-type=\"widget\" data-widget_type=\"divider.default\">\n\t\t\t\t<div class=\"elementor-widget-container\">\n\t\t\t\t\t\t\t<div class=\"elementor-divider\">\n\t\t\t<span class=\"elementor-divider-separator\">\n\t\t\t\t\t\t<\/span>\n\t\t<\/div>\n\t\t\t\t\t\t<\/div>\n\t\t\t\t<\/div>\n\t\t\t\t<div class=\"elementor-element elementor-element-6005baa elementor-shape-circle elementor-grid-2 e-grid-align-center elementor-widget elementor-widget-social-icons\" data-id=\"6005baa\" data-element_type=\"widget\" data-e-type=\"widget\" data-widget_type=\"social-icons.default\">\n\t\t\t\t<div class=\"elementor-widget-container\">\n\t\t\t\t\t\t\t<div class=\"elementor-social-icons-wrapper elementor-grid\" role=\"list\">\n\t\t\t\t\t\t\t<span class=\"elementor-grid-item\" role=\"listitem\">\n\t\t\t\t\t<a class=\"elementor-icon elementor-social-icon elementor-social-icon-Facebook elementor-repeater-item-6677b4f\" href=\"https:\/\/www.facebook.com\/share\/19NJ85X1nu\/?mibextid=LQQJ4d\" target=\"_blank\">\n\t\t\t\t\t\t<span class=\"elementor-screen-only\">Facebook<\/span>\n\t\t\t\t\t\t<svg xmlns=\"http:\/\/www.w3.org\/2000\/svg\" id=\"Calque_2\" data-name=\"Calque 2\" viewBox=\"0 0 397.35 397.35\"><defs><style>      .cls-1 {        fill: #121214;      }      .cls-2 {        fill: #fff;      }    <\/style><\/defs><g id=\"objects\"><g><path class=\"cls-1\" d=\"M397.35,198.68c0,109.73-88.95,198.68-198.68,198.68h0C88.95,397.35,0,308.4,0,198.68h0C0,88.95,88.95,0,198.68,0h0c109.73,0,198.68,88.95,198.68,198.68h0Z\"><\/path><path class=\"cls-2\" d=\"M257.54,183.26l-3.31,26.58c-.56,4.44-4.32,7.78-8.78,7.78h-43.05v111.13c-4.54.41-9.14.62-13.79.62-10.4,0-20.55-1.04-30.36-3.02v-108.73h-33.11c-3.04,0-5.52-2.49-5.52-5.54v-33.26c0-3.05,2.48-5.54,5.52-5.54h33.11v-49.88c0-30.61,24.71-55.42,55.2-55.42h38.63c3.04,0,5.52,2.49,5.52,5.54v33.26c0,3.05-2.48,5.54-5.52,5.54h-27.6c-12.19,0-22.07,9.92-22.07,22.17v38.8h46.36c5.32,0,9.43,4.68,8.78,9.98Z\"><\/path><\/g><\/g><\/svg>\t\t\t\t\t<\/a>\n\t\t\t\t<\/span>\n\t\t\t\t\t\t\t<span class=\"elementor-grid-item\" role=\"listitem\">\n\t\t\t\t\t<a class=\"elementor-icon elementor-social-icon elementor-social-icon-Instagram elementor-repeater-item-5aa4881\" href=\"https:\/\/www.instagram.com\/puls_createur_emotions\/\" target=\"_blank\">\n\t\t\t\t\t\t<span class=\"elementor-screen-only\">Instagram<\/span>\n\t\t\t\t\t\t<svg xmlns=\"http:\/\/www.w3.org\/2000\/svg\" id=\"Calque_2\" data-name=\"Calque 2\" viewBox=\"0 0 397.35 397.35\"><defs><style>      .cls-1 {        fill: #121214;      }      .cls-2 {        fill: #fff;      }    <\/style><\/defs><g id=\"objects\"><g><path class=\"cls-1\" d=\"M397.35,198.68c0,109.73-88.95,198.68-198.68,198.68h0C88.95,397.35,0,308.4,0,198.68h0C0,88.95,88.95,0,198.68,0h0c109.73,0,198.68,88.95,198.68,198.68h0Z\"><\/path><path class=\"cls-2\" d=\"M252.58,94.46h-107.81c-27.78,0-50.31,22.53-50.31,50.31v107.81c0,27.78,22.53,50.31,50.31,50.31h107.81c27.78,0,50.31-22.53,50.31-50.31v-107.81c0-27.78-22.53-50.31-50.31-50.31ZM284.92,248.99c0,19.84-16.1,35.94-35.94,35.94h-100.62c-19.84,0-35.94-16.1-35.94-35.94v-100.62c0-19.84,16.1-35.94,35.94-35.94h100.62c19.84,0,35.94,16.1,35.94,35.94v100.62Z\"><\/path><path class=\"cls-2\" d=\"M198.78,144.77c-29.75,0-53.9,24.15-53.9,53.9s24.15,53.9,53.9,53.9,53.9-24.15,53.9-53.9-24.15-53.9-53.9-53.9ZM198.78,234.61c-19.8,0-35.94-16.14-35.94-35.94s16.14-35.94,35.94-35.94,35.94,16.14,35.94,35.94-16.14,35.94-35.94,35.94Z\"><\/path><path class=\"cls-2\" d=\"M256.28,151.96c-5.94,0-10.78-4.84-10.78-10.78s4.84-10.78,10.78-10.78,10.78,4.84,10.78,10.78-4.84,10.78-10.78,10.78Z\"><\/path><\/g><\/g><\/svg>\t\t\t\t\t<\/a>\n\t\t\t\t<\/span>\n\t\t\t\t\t<\/div>\n\t\t\t\t\t\t<\/div>\n\t\t\t\t<\/div>\n\t\t\t\t\t<\/div>\n\t\t\t\t<\/div>\n\t\t<div class=\"content-row-elementor elementor-element elementor-element-ad59643 light-section full_elementor e-con-full inherit-header-color e-flex e-con e-parent\" data-id=\"ad59643\" data-element_type=\"container\" data-e-type=\"container\" data-settings=\"{&quot;background_background&quot;:&quot;classic&quot;}\">\n\t\t<div class=\"content-row-elementor elementor-element elementor-element-641faf2 e-con-full light-section full_elementor pinned-element left inherit-header-color e-flex e-con e-child\" data-id=\"641faf2\" data-element_type=\"container\" data-e-type=\"container\">\n\t\t\t\t<div class=\"elementor-element elementor-element-2ab03c8 elementor-widget elementor-widget-heading\" data-id=\"2ab03c8\" data-element_type=\"widget\" data-e-type=\"widget\" data-widget_type=\"heading.default\">\n\t\t\t\t<div class=\"elementor-widget-container\">\n\t\t\t\t\t<h4 class=\"elementor-heading-title elementor-size-default\">En d\u00e9couvrir plus...<\/h4>\t\t\t\t<\/div>\n\t\t\t\t<\/div>\n\t\t\t\t<div class=\"elementor-element elementor-element-fc1d893 elementor-widget elementor-widget-text-editor\" data-id=\"fc1d893\" data-element_type=\"widget\" data-e-type=\"widget\" data-widget_type=\"text-editor.default\">\n\t\t\t\t<div class=\"elementor-widget-container\">\n\t\t\t\t\t\t\t\t\t<p>Cr\u00e9ations originales \u00e0 d\u00e9couvrir&#8230;<\/p>\t\t\t\t\t\t\t\t<\/div>\n\t\t\t\t<\/div>\n\t\t\t\t<\/div>\n\t\t\t\t<div class=\"elementor-element elementor-element-589c3b8 elementor-widget elementor-widget-montoya_scrolling_panels_gallery\" data-id=\"589c3b8\" data-element_type=\"widget\" data-e-type=\"widget\" data-widget_type=\"montoya_scrolling_panels_gallery.default\">\n\t\t\t\t<div class=\"elementor-widget-container\">\n\t\t\t\t\t<div class=\"panels\" data-widthratio=\"0.8\"><div class=\"panels-container\"><div class=\"panel\"><img decoding=\"async\" src=\"https:\/\/puls.art\/wp-content\/uploads\/2024\/12\/cinema.jpg\" alt=\"\" \/><\/div><div class=\"panel\"><img decoding=\"async\" src=\"https:\/\/puls.art\/wp-content\/uploads\/2024\/12\/Hermes.jpg\" alt=\"Herm\u00e8s Paris, cr\u00e9ation Puls.art\" \/><\/div><div class=\"panel\"><img decoding=\"async\" src=\"https:\/\/puls.art\/wp-content\/uploads\/2024\/04\/Alpine_PDD-2.jpg\" alt=\"Tableau Alpine, cr\u00e9ation Puls.art\" \/><\/div><div class=\"panel\"><img decoding=\"async\" src=\"https:\/\/puls.art\/wp-content\/uploads\/2024\/04\/Skull_vitrail.jpg\" alt=\"Cr\u00e2ne vitrail\" \/><\/div><div class=\"panel\"><img decoding=\"async\" src=\"https:\/\/puls.art\/wp-content\/uploads\/2024\/04\/SteveMcQueen.jpg\" alt=\"Steve McQueen, Le Man, cr\u00e9ation Puls.art\" \/><\/div><div class=\"panel\"><img decoding=\"async\" src=\"https:\/\/puls.art\/wp-content\/uploads\/2024\/04\/Porsche.jpg\" alt=\"Porsche Pen, cr\u00e9ation Puls.art\" \/><\/div><div class=\"panel\"><img decoding=\"async\" src=\"https:\/\/puls.art\/wp-content\/uploads\/2024\/04\/Jordan.jpg\" alt=\"Mickael Jordan, cr\u00e9ation Puls.art\" \/><\/div><div class=\"panel\"><img decoding=\"async\" src=\"https:\/\/puls.art\/wp-content\/uploads\/2024\/04\/Daft-Punk.jpg\" alt=\"Tableau Frenchy, cr\u00e9ation Puls.art\" \/><\/div><\/div><\/div>\t\t\t\t<\/div>\n\t\t\t\t<\/div>\n\t\t\t\t<\/div>\n\t\t<div class=\"content-row-elementor elementor-element elementor-element-3b3e096 dark-section inherit-header-color full_elementor row_padding_left_elementor row_padding_right_elementor e-flex e-con-boxed e-con e-parent\" data-id=\"3b3e096\" data-element_type=\"container\" data-e-type=\"container\">\n\t\t\t\t\t<div class=\"e-con-inner\">\n\t\t\t\t<div class=\"elementor-element elementor-element-9a9a6f0 elementor-widget elementor-widget-heading\" data-id=\"9a9a6f0\" data-element_type=\"widget\" data-e-type=\"widget\" data-widget_type=\"heading.default\">\n\t\t\t\t<div class=\"elementor-widget-container\">\n\t\t\t\t\t<h2 class=\"elementor-heading-title elementor-size-default\">Bienvenue dans mon univers, o\u00f9 l'art urbain se r\u00e9invente en m\u00ealant \u00e9nergie brute et \u00e9l\u00e9gance intemporelle.<\/h2>\t\t\t\t<\/div>\n\t\t\t\t<\/div>\n\t\t\t\t\t<\/div>\n\t\t\t\t<\/div>\n\t\t<div class=\"content-row-elementor elementor-element elementor-element-e6cd091 dark-section inherit-header-color full_elementor row_padding_left_elementor row_padding_right_elementor e-flex e-con-boxed e-con e-parent\" data-id=\"e6cd091\" data-element_type=\"container\" data-e-type=\"container\">\n\t\t\t\t\t<div class=\"e-con-inner\">\n\t\t\t\t\t<\/div>\n\t\t\t\t<\/div>\n\t\t<div class=\"content-row-elementor elementor-element elementor-element-f5e09f9 dark-section inherit-header-color full_elementor row_padding_left_elementor row_padding_right_elementor e-flex e-con-boxed e-con e-parent\" data-id=\"f5e09f9\" data-element_type=\"container\" data-e-type=\"container\">\n\t\t\t\t\t<div class=\"e-con-inner\">\n\t\t\t\t\t<\/div>\n\t\t\t\t<\/div>\n\t\t<div class=\"content-row-elementor elementor-element elementor-element-d508e0c dark-section inherit-header-color full_elementor row_padding_left_elementor row_padding_right_elementor e-flex e-con-boxed e-con e-parent\" data-id=\"d508e0c\" data-element_type=\"container\" data-e-type=\"container\">\n\t\t\t\t\t<div class=\"e-con-inner\">\n\t\t\t\t\t<\/div>\n\t\t\t\t<\/div>\n\t\t<div class=\"content-row-elementor elementor-element elementor-element-51dfca5 dark-section inherit-header-color full_elementor row_padding_left_elementor row_padding_right_elementor e-flex e-con-boxed e-con e-parent\" data-id=\"51dfca5\" data-element_type=\"container\" data-e-type=\"container\">\n\t\t\t\t\t<div class=\"e-con-inner\">\n\t\t\t\t\t<\/div>\n\t\t\t\t<\/div>\n\t\t<div class=\"content-row-elementor elementor-element elementor-element-3a640fd e-grid dark-section inherit-header-color full_elementor row_padding_left_elementor row_padding_right_elementor e-con-boxed e-con e-parent\" data-id=\"3a640fd\" data-element_type=\"container\" data-e-type=\"container\">\n\t\t\t\t\t<div class=\"e-con-inner\">\n\t\t\t\t\t<\/div>\n\t\t\t\t<\/div>\n\t\t\t\t<\/div>\n\t\t","protected":false},"excerpt":{"rendered":"<p>Bienvenue chez Puls. Ici, on m\u00e9lange street-art, clin d\u2019\u0153il luxe et grains de folie visuelle. Moi, c\u2019est Mireille, une cr\u00e9atrice d\u2019\u00e9motions qui adore bousculer les codes. Chaque \u0153uvre est pens\u00e9e pour te faire vibrer : un moment, une \u00e9nergie, une histoire. Pas juste un tableau\u2026 une exp\u00e9rience. Comment je cr\u00e9e ? Deux chemins possibles : [&hellip;]<\/p>\n","protected":false},"author":2,"featured_media":0,"parent":0,"menu_order":0,"comment_status":"closed","ping_status":"closed","template":"","meta":{"_monsterinsights_skip_tracking":false,"_monsterinsights_sitenote_active":false,"_monsterinsights_sitenote_note":"","_monsterinsights_sitenote_category":0,"footnotes":""},"class_list":["post-2576","page","type-page","status-publish","hentry"],"_links":{"self":[{"href":"https:\/\/puls.art\/index.php?rest_route=\/wp\/v2\/pages\/2576","targetHints":{"allow":["GET"]}}],"collection":[{"href":"https:\/\/puls.art\/index.php?rest_route=\/wp\/v2\/pages"}],"about":[{"href":"https:\/\/puls.art\/index.php?rest_route=\/wp\/v2\/types\/page"}],"author":[{"embeddable":true,"href":"https:\/\/puls.art\/index.php?rest_route=\/wp\/v2\/users\/2"}],"replies":[{"embeddable":true,"href":"https:\/\/puls.art\/index.php?rest_route=%2Fwp%2Fv2%2Fcomments&post=2576"}],"version-history":[{"count":95,"href":"https:\/\/puls.art\/index.php?rest_route=\/wp\/v2\/pages\/2576\/revisions"}],"predecessor-version":[{"id":4198,"href":"https:\/\/puls.art\/index.php?rest_route=\/wp\/v2\/pages\/2576\/revisions\/4198"}],"wp:attachment":[{"href":"https:\/\/puls.art\/index.php?rest_route=%2Fwp%2Fv2%2Fmedia&parent=2576"}],"curies":[{"name":"wp","href":"https:\/\/api.w.org\/{rel}","templated":true}]}}